{"id":21440,"date":"2025-07-18T16:46:37","date_gmt":"2025-07-18T13:46:37","guid":{"rendered":"https:\/\/krabicamping.ee\/?page_id=21440"},"modified":"2025-07-18T16:51:25","modified_gmt":"2025-07-18T13:51:25","slug":"kodukord","status":"publish","type":"page","link":"https:\/\/krabicamping.ee\/et\/kodukord\/","title":{"rendered":"Kodukord"},"content":{"rendered":"<div class=\"fusion-fullwidth fullwidth-box fusion-builder-row-1 fusion-flex-container has-pattern-background has-mask-background nonhundred-percent-fullwidth non-hundred-percent-height-scrolling\" style=\"--awb-border-radius-top-left:0px;--awb-border-radius-top-right:0px;--awb-border-radius-bottom-right:0px;--awb-border-radius-bottom-left:0px;--awb-flex-wrap:wrap;\" ><div class=\"fusion-builder-row fusion-row fusion-flex-align-items-flex-start fusion-flex-content-wrap\" style=\"max-width:1352px;margin-left: calc(-4% \/ 2 );margin-right: calc(-4% \/ 2 );\"><div class=\"fusion-layout-column fusion_builder_column fusion-builder-column-0 fusion_builder_column_1_1 1_1 fusion-flex-column\" style=\"--awb-bg-size:cover;--awb-width-large:100%;--awb-margin-top-large:0px;--awb-spacing-right-large:1.92%;--awb-margin-bottom-large:20px;--awb-spacing-left-large:1.92%;--awb-width-medium:100%;--awb-order-medium:0;--awb-spacing-right-medium:1.92%;--awb-spacing-left-medium:1.92%;--awb-width-small:100%;--awb-order-small:0;--awb-spacing-right-small:1.92%;--awb-spacing-left-small:1.92%;\"><div class=\"fusion-column-wrapper fusion-column-has-shadow fusion-flex-justify-content-flex-start fusion-content-layout-column\"><div class=\"fusion-text fusion-text-1\"><div class=\"fusion-title title fusion-title-1 fusion-sep-none fusion-title-text fusion-title-size-one\">\n<h1 class=\"fusion-title-heading title-heading-left fusion-responsive-typography-calculated\" data-fontsize=\"34\" data-lineheight=\"42.5px\">Kodukord<\/h1>\n<\/div>\n<div class=\"fusion-text fusion-text-1\">\n<p><b>TURVALISUS<\/b><\/p>\n<ul>\n<li aria-level=\"1\">Autod liiguvad territooriumil jalak\u00e4ija kiirusel.<\/li>\n<li aria-level=\"1\">Laste turvalisuse eest vastutavad vanemad.<\/li>\n<li aria-level=\"1\">Avatud tuld teeme \u00fcksnes l\u00f5kkeplatsil. Grilli kasutades veendu tuleohutuses ning \u00e4ra j\u00e4ta tuld valveta.<\/li>\n<li aria-level=\"1\">Suitsetame vaid selleks etten\u00e4htud kohtades.<\/li>\n<li aria-level=\"1\">Koerad liiguvad territooriumil rihmaga.<\/li>\n<\/ul>\n<p><b>ARVESTAME \u00dcKSTEISEGA<\/b><\/p>\n<ul>\n<li aria-level=\"1\">V\u00e4ldime valju muusika kuulamist. Hea une tagamiseks on vaikne aeg 23:00-7:00.<\/li>\n<li aria-level=\"1\">V\u00e4ljakutsuv k\u00e4itumine, valjud peod ning purjus olek ei ole karavanipargi territooriumil lubatud.<\/li>\n<li aria-level=\"1\">Kui palli- v\u00f5i muud m\u00e4ngud hakkavad segama v\u00f5i ohustama teisi puhkajaid v\u00f5i nende vara, tuleb m\u00e4ngud l\u00f5petada.<\/li>\n<\/ul>\n<p><b>\u00a0PUHTUS<\/b><\/p>\n<ul>\n<li aria-level=\"1\">Iga puhkaja koristab enda j\u00e4rel. Pr\u00fcgi sorteeritakse ning viiakse selleks etten\u00e4htud konteinerisse. Nii hoiame ka metsloomad- ja linnud eemal.<\/li>\n<li aria-level=\"1\">J\u00e4ta du\u0161\u0161iruumid, wc-d ja teised kasutuses olnud ruumid enda j\u00e4rel puhtaks ja korda.<\/li>\n<li aria-level=\"1\">Loomadega puhkajad koristavad ka oma loomade j\u00e4rel.<\/li>\n<\/ul>\n<p><b>VASTUTUS<\/b><\/p>\n<ul>\n<li aria-level=\"1\">Pargi haldaja ei vastuta kahjude, kadude ega vigastuste eest, mis ei ole p\u00f5hjustatud haldaja poolt.<\/li>\n<li aria-level=\"1\">K\u00fclastajad vastutava oma vara ja s\u00f5idukite eest ise. \u00c4ra j\u00e4ta asju valveta.<\/li>\n<li aria-level=\"1\">Krabi Campingus on videovalve.<\/li>\n<\/ul>\n<p><b>\u00d5IGUSED<\/b><\/p>\n<ul>\n<li>Haldajal on \u00f5igus teha muruniitmist t\u00f6\u00f6p\u00e4evadel kell 12:00-17:00.<\/li>\n<li>Allahindluse puhul rakendub korraga vaid \u00fcks soodustus.<\/li>\n<\/ul>\n<\/div>\n<\/div><\/div><\/div><\/div><\/div>\n","protected":false},"excerpt":{"rendered":"","protected":false},"author":7,"featured_media":0,"parent":0,"menu_order":0,"comment_status":"closed","ping_status":"closed","template":"","meta":{"footnotes":""},"class_list":["post-21440","page","type-page","status-publish","hentry"],"_links":{"self":[{"href":"https:\/\/krabicamping.ee\/et\/wp-json\/wp\/v2\/pages\/21440","targetHints":{"allow":["GET"]}}],"collection":[{"href":"https:\/\/krabicamping.ee\/et\/wp-json\/wp\/v2\/pages"}],"about":[{"href":"https:\/\/krabicamping.ee\/et\/wp-json\/wp\/v2\/types\/page"}],"author":[{"embeddable":true,"href":"https:\/\/krabicamping.ee\/et\/wp-json\/wp\/v2\/users\/7"}],"replies":[{"embeddable":true,"href":"https:\/\/krabicamping.ee\/et\/wp-json\/wp\/v2\/comments?post=21440"}],"version-history":[{"count":3,"href":"https:\/\/krabicamping.ee\/et\/wp-json\/wp\/v2\/pages\/21440\/revisions"}],"predecessor-version":[{"id":21444,"href":"https:\/\/krabicamping.ee\/et\/wp-json\/wp\/v2\/pages\/21440\/revisions\/21444"}],"wp:attachment":[{"href":"https:\/\/krabicamping.ee\/et\/wp-json\/wp\/v2\/media?parent=21440"}],"curies":[{"name":"wp","href":"https:\/\/api.w.org\/{rel}","templated":true}]}}